{"id":2,"date":"2021-04-23T08:38:53","date_gmt":"2021-04-23T08:38:53","guid":{"rendered":"https:\/\/martinsgalins.lv\/?page_id=2"},"modified":"2021-11-05T19:36:24","modified_gmt":"2021-11-05T16:36:24","slug":"sample-page","status":"publish","type":"page","link":"https:\/\/www.martinsgalins.lv\/?page_id=2","title":{"rendered":"CONTACT"},"content":{"rendered":"\n<p>Contact me using the following:<\/p>\n\n\n\n<p><\/p>\n\n\n\n<p>GitHub:\u00a0<a href=\"https:\/\/github.com\/martinsgalins\">@martinsgalins<\/a><br>LinkedIn:\u00a0<a rel=\"noreferrer noopener\" href=\"https:\/\/www.linkedin.com\/in\/martins-galins-70574b65\/\" target=\"_blank\"><\/a><a href=\"https:\/\/www.linkedin.com\/in\/martins-galins-70574b65\/\">M\u0101rti\u0146\u0161 G\u0101li\u0146\u0161<\/a><\/p>\n\n\n\n<p>Or through email:<\/p>\n\n\n\n<form  class=\"kaliforms-form-container bootstrap-wrapper  \" data-form-id=\"19\" style=\"opacity:0\"><h3>Contact form<\/h3><div id=\"kaliforms-global-error-message-19\" class=\"global-error-message\"><\/div><div class=\"row kali-form-field-row\"><div class=\"col-12 col-md-8 \"><label  for=\"first-name\">Name <span class=\"kali-required-mark\">*<\/span><\/label><input  data-internal-id=\"textbox2\" type=\"text\" id=\"first-name\" name=\"first-name\" data-properties.type=\"text\" required ><\/div><\/div><div class=\"row kali-form-field-row\"><div class=\"col-12 col-md-8 \"><label  for=\"email\">Email <span class=\"kali-required-mark\">*<\/span><\/label><input  data-internal-id=\"textbox4\" type=\"text\" id=\"email\" name=\"email\" data-properties.type=\"text\" required ><\/div><\/div><div class=\"row kali-form-field-row\"><div class=\"col-12 col-md-8 \"><label  for=\"message\">Message <span class=\"kali-required-mark\">*<\/span><\/label><textarea  data-internal-id=\"textarea5\" type=\"textarea\" id=\"message\" name=\"message\"required  rows=\"5\" class=\"input\"><\/textarea><\/div><\/div><div class=\"row kali-form-field-row\"><div class=\"col-12 col-md-12 \"><input  data-internal-id=\"submitbutton6\" type=\"submit\" id=\"submit\" data-style=\"btn grey rounded\"  class=\"input btn grey rounded\" value=\"Send message\" ><\/div><\/div><!-- This form was built using Kali Forms --><\/form>\n","protected":false},"excerpt":{"rendered":"<p>Contact me using the following: GitHub:\u00a0@martinsgalinsLinkedIn:\u00a0M\u0101rti\u0146\u0161 G\u0101li\u0146\u0161 Or through email:<\/p>\n","protected":false},"author":1,"featured_media":0,"parent":0,"menu_order":0,"comment_status":"closed","ping_status":"closed","template":"","meta":{"footnotes":""},"class_list":["post-2","page","type-page","status-publish","hentry"],"_links":{"self":[{"href":"https:\/\/www.martinsgalins.lv\/index.php?rest_route=\/wp\/v2\/pages\/2","targetHints":{"allow":["GET"]}}],"collection":[{"href":"https:\/\/www.martinsgalins.lv\/index.php?rest_route=\/wp\/v2\/pages"}],"about":[{"href":"https:\/\/www.martinsgalins.lv\/index.php?rest_route=\/wp\/v2\/types\/page"}],"author":[{"embeddable":true,"href":"https:\/\/www.martinsgalins.lv\/index.php?rest_route=\/wp\/v2\/users\/1"}],"replies":[{"embeddable":true,"href":"https:\/\/www.martinsgalins.lv\/index.php?rest_route=%2Fwp%2Fv2%2Fcomments&post=2"}],"version-history":[{"count":9,"href":"https:\/\/www.martinsgalins.lv\/index.php?rest_route=\/wp\/v2\/pages\/2\/revisions"}],"predecessor-version":[{"id":76,"href":"https:\/\/www.martinsgalins.lv\/index.php?rest_route=\/wp\/v2\/pages\/2\/revisions\/76"}],"wp:attachment":[{"href":"https:\/\/www.martinsgalins.lv\/index.php?rest_route=%2Fwp%2Fv2%2Fmedia&parent=2"}],"curies":[{"name":"wp","href":"https:\/\/api.w.org\/{rel}","templated":true}]}}